{"id":116,"date":"2023-05-05T14:15:42","date_gmt":"2023-05-05T12:15:42","guid":{"rendered":"https:\/\/www.flak.be\/?page_id=116"},"modified":"2025-02-07T09:20:59","modified_gmt":"2025-02-07T08:20:59","slug":"presse","status":"publish","type":"page","link":"https:\/\/www.flak.be\/en\/presse\/","title":{"rendered":"Press"},"content":{"rendered":"<p><\/p>\n<h3 class=\"mt-5 mb-4\">Johan Dupont Trio<\/h3>\n<ul class=\"mb-0\">\n<li><a href=\"https:\/\/www.jazzradio.fr\/news\/chronique-d-album\/41171\/johan-dupont-trio-signe-lydia-un-premier-album-plein-de-poesie-qui-transcende-la-douleur\" target=\"_blank\" rel=\"noopener\">Jazz Radio &#8211; Johan Dupont Trio signe &#8220;Lydia&#8221;, un premier album plein de po\u00e9sie qui transcende la douleur<\/a><\/li>\n<li><a href=\"https:\/\/www.lesoir.be\/652746\/article\/2025-02-03\/johan-dupont-jai-fait-de-la-musique-parce-que-des-mots-il-ny-en-pas\" target=\"_blank\" rel=\"noopener\">Le Soir &#8211; Johan Dupont<\/a><\/li>\n<li><a href=\"https:\/\/www.flak.be\/wp-content\/uploads\/2025\/02\/LS_MAD20250205BRUXELLES118.pdf\" target=\"_blank\" rel=\"noopener\">Le Soir &#8211; Johan Dupont (pdf)<\/a><\/li>\n<li><a href=\"https:\/\/www.flak.be\/wp-content\/uploads\/2025\/02\/Lydia_Sudpress-dimanche-2-fevrier-2025.pdf\" target=\"_blank\" rel=\"noopener\">Sudpress &#8211; Avec &#8220;Lydia&#8221;, Johan Dupont transforme la douleur en lumi\u00e8re<\/a><\/li>\n<li><a href=\"https:\/\/www.flak.be\/wp-content\/uploads\/2025\/02\/LaLibre-Lydia-scaled.jpeg\" target=\"_blank\" rel=\"noopener\">La Libre &#8211; Lydia<\/a><\/li>\n<li><a href=\"https:\/\/www.flak.be\/2025\/02\/05\/lydia-luc-lorfevre-moustique\/\" target=\"_blank\" rel=\"noopener\">Moustique, Luc Lorf\u00e8vre &#8211; Lydia<\/a><\/li>\n<li>&#8220;Un disque d&#8217;amour et de r\u00e9silience, sinc\u00e8re et profond\u00e9ment touchant&#8221;. TSF Jazz<\/li>\n<\/ul>\n<p>&nbsp;<\/p>\n<h3 class=\"mt-5 mb-4\">Jean-Christophe Renault<\/h3>\n<ul class=\"mb-0\">\n<li><a href=\"https:\/\/jazzmania.be\/jean-christophe-renault-under-troubled-waters\/\" target=\"_blank\" rel=\"noopener\">Jazz Mania &#8211; Jean-Christophe Renault &#8211; Under troubled waters<\/a><\/li>\n<li><a href=\"https:\/\/www.flak.be\/wp-content\/uploads\/2023\/07\/Echt-Renault.pdf\" target=\"_blank\" rel=\"noopener\">Echt &amp; Jean-Christophe Renault<\/a><\/li>\n<li><a href=\"https:\/\/www.flak.be\/wp-content\/uploads\/2023\/07\/20230522_VA_TE_Jean-Christophe-Renault.pdf\" target=\"_blank\" rel=\"noopener\">L&#8217;avenir &#8211; C\u00f4t\u00e9 mag<\/a><\/li>\n<li><a href=\"https:\/\/www.flak.be\/wp-content\/uploads\/2023\/05\/bazar-eyes-have-no-eyelids-jean-christophe-renault-flak-records-bazar-magazin.pdf\" target=\"_blank\" rel=\"noopener\">Les lumineuses variations de Jean-Christophe Renault<\/a><\/li>\n<li><a href=\"https:\/\/www.flak.be\/wp-content\/uploads\/2023\/05\/chronique-ears-telemoustique.pdf\" target=\"_blank\" rel=\"noopener\">Moustique &#8211; Ears have no eyelids<\/a><\/li>\n<li><a href=\"https:\/\/www.flak.be\/wp-content\/uploads\/2023\/05\/imagine-sept-oct-2020.pdf\" target=\"_blank\" rel=\"noopener\"> Imagine Sept &#8211; Ears have no eyelids<\/a><\/li>\n<li><a href=\"https:\/\/www.flak.be\/wp-content\/uploads\/2023\/05\/jazz-mo.pdf\" target=\"_blank\" rel=\"noopener\">Jazz MO &#8211; Ears have no eyelids<\/a><\/li>\n<li><a href=\"https:\/\/www.flak.be\/wp-content\/uploads\/2023\/05\/jazzflits18.13.pdf\" target=\"_blank\" rel=\"noopener\">Jazz Flits &#8211; 2020<\/a><\/li>\n<li><a href=\"https:\/\/www.flak.be\/wp-content\/uploads\/2023\/05\/jazzhalo.pdf\" target=\"_blank\" rel=\"noopener\">Jazz Halo &#8211; Ears have no eyelids<\/a><\/li>\n<li><a href=\"https:\/\/www.flak.be\/wp-content\/uploads\/2023\/05\/jazzism.pdf\" target=\"_blank\" rel=\"noopener\">Jazzism &#8211; Ears have no eyelids<\/a><\/li>\n<li><a href=\"https:\/\/www.flak.be\/wp-content\/uploads\/2023\/05\/larsen-interview-jc-renault.pdf\" target=\"_blank\" rel=\"noopener\">Larsen &#8211; Interview de Jean-Christophe Renault<\/a><\/li>\n<li><a href=\"https:\/\/www.flak.be\/wp-content\/uploads\/2023\/05\/mad-le-soir-24-juin-2020.pdf\" target=\"_blank\" rel=\"noopener\">Le Mad<\/a><\/li>\n<li><a href=\"https:\/\/www.flak.be\/wp-content\/uploads\/2023\/05\/renaultjc-portait-vif.pdf\" target=\"_blank\" rel=\"noopener\">Le vif &#8211; Portrait de Jean-Christophe Renault<\/a><\/li>\n<li><a href=\"https:\/\/www.flak.be\/wp-content\/uploads\/2023\/11\/Under-Troubled-Waters.jpg\" target=\"_blank\" rel=\"noopener\">Johan Baller &#8211; Under Troubled Waters<\/a><\/li>\n<\/ul>\n<p><\/p>\n<h3 class=\"mt-5 mb-4\">KOWARI<\/h3>\n<ul class=\"mb-0\">\n<li><a href=\"https:\/\/www.flak.be\/wp-content\/uploads\/2024\/05\/kowari.png\" target=\"_blank\" rel=\"noopener\">Kowari &#8211; Memento<\/a><\/li>\n<li><a href=\"https:\/\/www.wearegoingsolo.com\/tracks\/kowari-tomorrow\" target=\"_blank\" rel=\"noopener\">We are going solo &#8211; Kowari &#8211; Tomorrow<\/a><\/li>\n<li><a href=\"https:\/\/dancingastronaut.com\/2024\/02\/kowari-teases-sophomore-album-with-lead-single-tomorrow\/\" target=\"_blank\" rel=\"noopener\">Dancing Astronaute &#8211; Kowari teases sophomore album with lead single \u2018Tomorrow\u2019<\/a><\/li>\n<li><a href=\"https:\/\/www.wearegoingsolo.com\/tracks\/kowari-tomorrow\" target=\"_blank\" rel=\"noopener\">We are going solo \u2013 Kowari \u2013 Tomorrow<\/a><\/li>\n<li><a href=\"https:\/\/dancingastronaut.com\/2024\/02\/kowari-teases-sophomore-album-with-lead-single-tomorrow\/\" target=\"_blank\" rel=\"noopener\">Dancing Astronaute \u2013 Kowari teases sophomore album with lead single &#8220;Tomorrow&#8221;<\/a><\/li>\n<li><a href=\"https:\/\/www.sudinfo.be\/id829910\/article\/2024-04-28\/kowari-revient-en-force-avec-son-memento\" target=\"_blank\" rel=\"noopener\">Sudinfo &#8211; Kowari revient en force avec son \u00ab Memento \u00bb <\/a><\/li>\n<li><a href=\"https:\/\/auvio.rtbf.be\/media\/les-sequences-du-mug-le-mug-decouverte-3189559\" target=\"_blank\" rel=\"noopener\">RTBF Mug &#8211; Le Mug d\u00e9couverte &#8211; Kowari pour &#8220;Memento&#8221; &#8211; Auvio <\/a><\/li>\n<li><a href=\"https:\/\/www.larsenmag.be\/fr\/releases\/2374-kowari-memento\" target=\"_blank\" rel=\"noopener\">Larsen &#8211; Kowari : Memento<\/a><\/li>\n<li><a href=\"https:\/\/focus.knack.be\/muziek\/in-premiere-tomorrow-het-nieuwe-muzikale-postkaartje-uit-het-leven-van-kowari\/\" target=\"_blank\" rel=\"noopener\">Knack Focus &#8211; In premi\u00e8re: &#8220;Tomorrow&#8221;, het nieuwe muzikale postkaartje uit het leven van Kowari <\/a><\/li>\n<li><a href=\"https:\/\/damusic.be\/dossier\/kowari-tomorrow-5239.html\" target=\"_blank\" rel=\"noopener\">Damusic &#8211; Achtergrond &#8211; Kowari : Tomorrow <\/a><\/li>\n<li><a href=\"https:\/\/www.youredm.com\/2024\/02\/09\/kowari-mesmerise-on-stunning-new-storytelling-track-music-video-tomorrow\/\" target=\"_blank\" rel=\"noopener\">Your EDM &#8211; KOWARI Mesmerise on Stunning New Storytelling Track &amp; Music Video, &#8220;Tomorrow&#8221;<\/a><\/li>\n<li><a href=\"https:\/\/www.frontview-magazine.be\/nl\/nieuws\/kowari-kijkt-naar-de-toekomst-met-de-nieuwe-single-tomorrow\" target=\"_blank\" rel=\"noopener\">Front view &#8211; KOWARI kijkt naar de toekomst met de nieuwe single &#8220;Tomorrow&#8221;<\/a><\/li>\n<li><a href=\"https:\/\/www.dansendeberen.be\/2024\/02\/11\/nieuwe-single-kowari-tomorrow\/\" target=\"_blank\" rel=\"noopener\">Dansende Beren &#8211; Nieuwe single KOWARI \u2013 \u201cTomorrow\u201d<\/a><\/li>\n<li><a href=\"https:\/\/www.danstafaceb.com\/les-clips-de-la-semaine-205-partie-1\/\" target=\"_blank\" rel=\"noopener\">La Face B<\/a><\/li>\n<li><a href=\"https:\/\/whathappens.be\/releases\/belgische-band-kowari-dropt-eerste-single-tomorrow-nieuw-album\" target=\"_blank\" rel=\"noopener\">What Happens &#8211; De Belgische band Kowari dropt eerste single &#8220;Tomorrow&#8221; van nieuw album<\/a><\/li>\n<li><a href=\"https:\/\/www.larsenmag.be\/fr\/clips\/2282-kowari-tomorrow\" target=\"_blank\" rel=\"noopener\">Larsen &#8211; Kowari : Tomorrow<\/a><\/li>\n<li><a href=\"https:\/\/bx1.be\/emission\/octave-avec-ysme-kowari-et-gustave-brass-band\/?theme=classic\" target=\"_blank\" rel=\"noopener\">BX1 &#8211; OCTAVE avec Ysm\u00e9, Kowari et Gustave Brass Band<\/a><\/li>\n<li><a href=\"https:\/\/bx1.be\/emission\/en-stoemelings-kowari\/\" target=\"_blank\" rel=\"noopener\">BX1 &#8211; En Stoemelings &#8211; 06\/04\/2024<\/a><\/li>\n<li><a href=\"https:\/\/www.lalibre.be\/culture\/cinema\/television\/2024\/03\/31\/marka-fait-son-cinema-decouvrez-le-nouvel-episode-de-be-loft-sessions-SCPDFWJQZZCUZI4U6OZIYDBXBE\/\" target=\"_blank\" rel=\"noopener\">La Libre &#8211; Marka fait son cin\u00e9ma : d\u00e9couvrez le nouvel \u00e9pisode de Be Loft Sessions<\/a><\/li>\n<li><a href=\"https:\/\/shows.acast.com\/fumes-cest-du-belge\/episodes\/fumes-cest-du-belge-060424\" target=\"_blank\" rel=\"noopener\">Acast &#8211; Fumes, c&#8217;est du belge<\/a><\/li>\n<li><a href=\"https:\/\/www.instagram.com\/p\/C5JM6bqtsQr\/\" target=\"_blank\" rel=\"noopener\">Moustique Mag<\/a><\/li>\n<li><a href=\"https:\/\/www.telesambre.be\/replay\/emissions\/en-stoemelings-kowari\/64042\" target=\"_blank\" rel=\"noopener\">En Stoemelings &#8211; 13\/04\/2024<\/a><\/li>\n<li><a href=\"https:\/\/www.flak.be\/wp-content\/uploads\/2024\/05\/GAEL-KOWARI-.pdf\" target=\"_blank\" rel=\"noopener\">GAEL<\/a><\/li>\n<li><a href=\"https:\/\/www.flak.be\/wp-content\/uploads\/2024\/05\/KOWARI-La-Libre-.pdf\" target=\"_blank\" rel=\"noopener\">La libre<\/a><\/li>\n<li><a href=\"https:\/\/www.flak.be\/wp-content\/uploads\/2024\/05\/Kowari-Larsen-mars-avril-.pdf\" target=\"_blank\" rel=\"noopener\">Larsen (mars &#8211; avril)<\/a><\/li>\n<li><a href=\"https:\/\/www.flak.be\/wp-content\/uploads\/2024\/05\/KOWARI-MEDIA-RESULT-2024.docx\" target=\"_blank\" rel=\"noopener\">Media Result<\/a><\/li>\n<li><a href=\"https:\/\/www.flak.be\/wp-content\/uploads\/2024\/05\/KOWARI-MOUSTIQUE-.pdf\" target=\"_blank\" rel=\"noopener\">Moustique &#8211; Ode \u00e9lectro<\/a><\/li>\n<\/ul>\n<p><\/p>\n<h3 class=\"mt-5 mb-4\">OOOTOKO<\/h3>\n<ul class=\"mb-0\">\n<li><a href=\"https:\/\/nichemusic.info\/oootoko-medellin\/\" target=\"_blank\" rel=\"noopener\">Niche Music<\/a><\/li>\n<li><a href=\"https:\/\/metalmagazine.eu\/en\/post\/oootoko\" target=\"_blank\" rel=\"noopener\">Metal magazine<\/a><\/li>\n<li><a href=\"https:\/\/acloserlisten.com\/2024\/05\/10\/oootoko-oootoko\/\" target=\"_blank\" rel=\"noopener\">A closer listen<\/a><\/li>\n<li><a href=\"https:\/\/www.flak.be\/wp-content\/uploads\/2024\/05\/20240508-Focus-Vif-OOOTOKO.pdf\" target=\"_blank\" rel=\"noopener\">Focus Vif<\/a><\/li>\n<li><a href=\"https:\/\/www.flak.be\/wp-content\/uploads\/2024\/05\/oootoko_02.png\" target=\"_blank\" rel=\"noopener\">La libre<\/a><\/li>\n<li><a href=\"https:\/\/www.flak.be\/wp-content\/uploads\/2024\/05\/oootoko.png\" target=\"_blank\" rel=\"noopener\">Mousitque<\/a><\/li>\n<li><a href=\"https:\/\/www.rtbf.be\/article\/oootoko-19-musiciens-a-bord-d-un-ovni-musical-liegeois-11368795\" target=\"_blank\" rel=\"noopener\">RTBF Info &#8211; 19 musiciens \u00e0 bord d&#8217;un ovni musical li\u00e9geois<\/a><\/li>\n<li><a href=\"https:\/\/www.rtbf.be\/article\/jam-etait-a-linauguration-de-lom-la-nouvelle-salle-de-concerts-qui-fera-bouger-la-wallonie-11266857\" target=\"_blank\" rel=\"noopener\">RTBF Jam &#8211; Jam \u00e9tait \u00e0 l\u2019inauguration de l\u2019OM, la nouvelle salle de concerts qui fera bouger la Wallonie<\/a><\/li>\n<li><a href=\"https:\/\/www.rtbf.be\/article\/generation-21-oootoko-11293579\" target=\"_blank\" rel=\"noopener\">RTBF Classic 21 &#8211; G\u00e9n\u00e9ration 21 : Oootoko<\/a><\/li>\n<li><a href=\"https:\/\/www.larsenmag.be\/fr\/articles\/2154-damien-chierici\" target=\"_blank\" rel=\"noopener\">Larsen Mag &#8211; Damien Chierici : Entre d\u00e9brouille et violon<\/a><\/li>\n<li><a href=\"https:\/\/ici.radio-canada.ca\/ohdio\/musique\/emissions\/tellementcourteau\/episodes\/801149\/rattrapage-mercredi-10-avril-2024\/8\" target=\"_blank\" rel=\"noopener\">Radio Canada &#8211; Tellement Courteau<\/a><\/li>\n<li><a href=\"https:\/\/bx1.be\/emission\/connaissez-vous-recoit-damien-chierici-armando-luongo-et-robbe-kleckens\/\" target=\"_blank\" rel=\"noopener\">BX1 &#8211; Emission de Fabrice Grosfilley : &#8220;Connaissez-vous?&#8221;<\/a><\/li>\n<li><a href=\"https:\/\/www.flak.be\/wp-content\/uploads\/2024\/04\/3db1cf9d-d2c4-4fd3-a401-f92a0551fc8b-1.jpg\" target=\"_blank\" rel=\"noopener\">MAD &#8211; OOOTOKO Le groupe colossal<\/a><\/li>\n<li><a href=\"https:\/\/www.musiczine.net\/nl\/news\/item\/93743-even-voorstellen-oootoko-nieuwe-single-theme-of-parallax.html\" target=\"_blank\" rel=\"noopener\">Even voorstellen \u2013 OOOTOKO, nieuwe single &#8220;Theme Of Parallax&#8221;<\/a><\/li>\n<li><a href=\"https:\/\/earmilk.com\/2024\/02\/28\/oootoko-unveil-intimate-yet-expansive-single-theme-of-parallax\/\" target=\"_blank\" rel=\"noopener\">Earmilk &#8211; OOOTOKO unveil intimate yet expansive single &#8220;Theme Of Parallax&#8221;<\/a><\/li>\n<li><a href=\"https:\/\/nichemusic.info\/oootoko-theme-of-parallax\/\" target=\"_blank\" rel=\"noopener\">Niche Music &#8211; OOOTOKO, &#8220;Theme Of Parallax&#8221; <\/a><\/li>\n<li><a href=\"https:\/\/nichemusic.info\/oootoko-theme-of-parallax\/\" target=\"_blank\" rel=\"noopener\">Niche Music &#8211;\u00a0 OOOTOKO, &#8216;Theme Of Parallax&#8217;<\/a><\/li>\n<\/ul>\n<p><\/p>\n<h3 class=\"mt-5 mb-4\">Robin Verheyen Trio<\/h3>\n<ul class=\"mb-0\">\n<li><a href=\"https:\/\/www.standaard.be\/cnt\/dmf20240423_94988068\" target=\"_blank\" rel=\"noopener\">The Standaard &#8211; Robin Verheyen Trio: Taxiwars zonder Tom Barman, met evenveel energie<\/a><\/li>\n<li><a href=\"https:\/\/www.flak.be\/wp-content\/uploads\/2024\/05\/jazzflits22.08.pdf\" target=\"_blank\" rel=\"noopener\">JazzFlits &#8211; ROBIN VERHEYEN Zabonpr\u00e9s Sessions<\/a><\/li>\n<li><a href=\"https:\/\/www.flak.be\/wp-content\/uploads\/2024\/05\/pageLS_MAD20240417BRUXELLES123.pdf\" target=\"_blank\" rel=\"noopener\">MAD &#8211; ROBIN VERHEYEN Zabonpr\u00e9s Sessions<\/a><\/li>\n<\/ul>\n<p><\/p>","protected":false},"excerpt":{"rendered":"<p>Johan Dupont Trio Jazz Radio &#8211; Johan Dupont Trio signe &#8220;Lydia&#8221;, un premier album plein de po\u00e9sie qui transcende la\u2026<\/p>\n","protected":false},"author":1,"featured_media":0,"parent":0,"menu_order":0,"comment_status":"closed","ping_status":"closed","template":"","meta":{"_acf_changed":false,"footnotes":""},"class_list":["post-116","page","type-page","status-publish","hentry"],"acf":{"image_a_la_une":""},"yoast_head":"<!-- This site is optimized with the Yoast SEO plugin v27.4 - https:\/\/yoast.com\/product\/yoast-seo-wordpress\/ -->\n<title>Press - FLAKRECORDS<\/title>\n<meta name=\"robots\" content=\"index, follow, max-snippet:-1, max-image-preview:large, max-video-preview:-1\" \/>\n<link rel=\"canonical\" href=\"https:\/\/www.flak.be\/en\/presse\/\" \/>\n<meta property=\"og:locale\" content=\"en_US\" \/>\n<meta property=\"og:type\" content=\"article\" \/>\n<meta property=\"og:title\" content=\"Press - FLAKRECORDS\" \/>\n<meta property=\"og:description\" content=\"Johan Dupont Trio Jazz Radio &#8211; Johan Dupont Trio signe &#8220;Lydia&#8221;, un premier album plein de po\u00e9sie qui transcende la\u2026\" \/>\n<meta property=\"og:url\" content=\"https:\/\/www.flak.be\/en\/presse\/\" \/>\n<meta property=\"og:site_name\" content=\"FLAKRECORDS\" \/>\n<meta property=\"article:modified_time\" content=\"2025-02-07T08:20:59+00:00\" \/>\n<meta property=\"og:image\" content=\"https:\/\/www.flak.be\/wp-content\/uploads\/2025\/01\/FLAK-250129-ImageDePartage.png\" \/>\n\t<meta property=\"og:image:width\" content=\"1200\" \/>\n\t<meta property=\"og:image:height\" content=\"675\" \/>\n\t<meta property=\"og:image:type\" content=\"image\/png\" \/>\n<meta name=\"twitter:card\" content=\"summary_large_image\" \/>\n<meta name=\"twitter:label1\" content=\"Est. reading time\" \/>\n\t<meta name=\"twitter:data1\" content=\"3 minutes\" \/>\n<!-- \/ Yoast SEO plugin. -->","yoast_head_json":{"title":"Press - FLAKRECORDS","robots":{"index":"index","follow":"follow","max-snippet":"max-snippet:-1","max-image-preview":"max-image-preview:large","max-video-preview":"max-video-preview:-1"},"canonical":"https:\/\/www.flak.be\/en\/presse\/","og_locale":"en_US","og_type":"article","og_title":"Press - FLAKRECORDS","og_description":"Johan Dupont Trio Jazz Radio &#8211; Johan Dupont Trio signe &#8220;Lydia&#8221;, un premier album plein de po\u00e9sie qui transcende la\u2026","og_url":"https:\/\/www.flak.be\/en\/presse\/","og_site_name":"FLAKRECORDS","article_modified_time":"2025-02-07T08:20:59+00:00","og_image":[{"width":1200,"height":675,"url":"https:\/\/www.flak.be\/wp-content\/uploads\/2025\/01\/FLAK-250129-ImageDePartage.png","type":"image\/png"}],"twitter_card":"summary_large_image","twitter_misc":{"Est. reading time":"3 minutes"},"schema":{"@context":"https:\/\/schema.org","@graph":[{"@type":"WebPage","@id":"https:\/\/www.flak.be\/en\/presse\/","url":"https:\/\/www.flak.be\/en\/presse\/","name":"Press - FLAKRECORDS","isPartOf":{"@id":"https:\/\/www.flak.be\/en\/#website"},"datePublished":"2023-05-05T12:15:42+00:00","dateModified":"2025-02-07T08:20:59+00:00","breadcrumb":{"@id":"https:\/\/www.flak.be\/en\/presse\/#breadcrumb"},"inLanguage":"en-US","potentialAction":[{"@type":"ReadAction","target":[["https:\/\/www.flak.be\/en\/presse\/"]]}]},{"@type":"BreadcrumbList","@id":"https:\/\/www.flak.be\/en\/presse\/#breadcrumb","itemListElement":[{"@type":"ListItem","position":1,"name":"Accueil","item":"https:\/\/www.flak.be\/en\/"},{"@type":"ListItem","position":2,"name":"Presse"}]},{"@type":"WebSite","@id":"https:\/\/www.flak.be\/en\/#website","url":"https:\/\/www.flak.be\/en\/","name":"FLAKRECORDS","description":"Maison de disques","publisher":{"@id":"https:\/\/www.flak.be\/en\/#organization"},"potentialAction":[{"@type":"SearchAction","target":{"@type":"EntryPoint","urlTemplate":"https:\/\/www.flak.be\/en\/?s={search_term_string}"},"query-input":{"@type":"PropertyValueSpecification","valueRequired":true,"valueName":"search_term_string"}}],"inLanguage":"en-US"},{"@type":"Organization","@id":"https:\/\/www.flak.be\/en\/#organization","name":"Flak Records","alternateName":"Maison de disques","url":"https:\/\/www.flak.be\/en\/","logo":{"@type":"ImageObject","inLanguage":"en-US","@id":"https:\/\/www.flak.be\/en\/#\/schema\/logo\/image\/","url":"https:\/\/www.flak.be\/wp-content\/uploads\/2023\/05\/flak-logo.jpeg","contentUrl":"https:\/\/www.flak.be\/wp-content\/uploads\/2023\/05\/flak-logo.jpeg","width":525,"height":480,"caption":"Flak Records"},"image":{"@id":"https:\/\/www.flak.be\/en\/#\/schema\/logo\/image\/"}}]}},"_links":{"self":[{"href":"https:\/\/www.flak.be\/en\/wp-json\/wp\/v2\/pages\/116","targetHints":{"allow":["GET"]}}],"collection":[{"href":"https:\/\/www.flak.be\/en\/wp-json\/wp\/v2\/pages"}],"about":[{"href":"https:\/\/www.flak.be\/en\/wp-json\/wp\/v2\/types\/page"}],"author":[{"embeddable":true,"href":"https:\/\/www.flak.be\/en\/wp-json\/wp\/v2\/users\/1"}],"replies":[{"embeddable":true,"href":"https:\/\/www.flak.be\/en\/wp-json\/wp\/v2\/comments?post=116"}],"version-history":[{"count":42,"href":"https:\/\/www.flak.be\/en\/wp-json\/wp\/v2\/pages\/116\/revisions"}],"predecessor-version":[{"id":404,"href":"https:\/\/www.flak.be\/en\/wp-json\/wp\/v2\/pages\/116\/revisions\/404"}],"wp:attachment":[{"href":"https:\/\/www.flak.be\/en\/wp-json\/wp\/v2\/media?parent=116"}],"curies":[{"name":"wp","href":"https:\/\/api.w.org\/{rel}","templated":true}]}}